{"id":639,"date":"2023-11-21T06:40:04","date_gmt":"2023-11-21T10:40:04","guid":{"rendered":"https:\/\/bioenergyhk.com\/es\/?post_type=product&#038;p=639"},"modified":"2023-11-21T06:40:04","modified_gmt":"2023-11-21T10:40:04","slug":"lampara-de-alumbrado-publico-solar-integrada-100w","status":"publish","type":"product","link":"https:\/\/bioenergyhk.com\/es\/p\/lampara-de-alumbrado-publico-solar-integrada-100w\/","title":{"rendered":"L\u00e1mpara De Alumbrado P\u00fablico Solar Integrada 100W"},"content":{"rendered":"<p>Lampara LED 100W, Panel solar 2x150W, Bater\u00eda de 12V, Poste de 10m, \u00e1ngulo de apertura 120\u00b0, 10000 lm, CRI &gt;75, Temperatura de color 6000\u00b0K, Capacidad 2x150Ah.<\/p>\n<p class=\"alert alert-warning\" role=\"alert\">Este producto funciona con su propio panel solar (ya integrado en la parte superior), por lo cual no requiere de cables adicionales entre postes. Tambi\u00e9n incluye su propia bater\u00eda.<\/p>\n<div class=\"table-responsive\">\n<table class=\"table\">\n<tbody>\n<tr>\n<th scope=\"row\">Garant\u00eda:<\/th>\n<td>1 a\u00f1o<\/td>\n<\/tr>\n<tr>\n<th scope=\"row\">Tipo de uso:<\/th>\n<td>Exteriores\/Alumbrado P\u00fablico<\/td>\n<\/tr>\n<tr>\n<th scope=\"row\">Presentaci\u00f3n<\/th>\n<td>Caja x 1 unidad<\/td>\n<\/tr>\n<\/tbody>\n<\/table>\n<\/div>\n","protected":false},"excerpt":{"rendered":"<p>Lampara LED 100W, Panel solar 2x150W, Bater\u00eda de 12V, Poste de 10m, \u00e1ngulo de apertura 120\u00b0, 10000 lm, CRI &gt;75, Temperatura de color 6000\u00b0K, Capacidad 2x150Ah.<\/p>\n<p class=\"alert alert-warning\" role=\"alert\">Este producto funciona con su propio panel solar (ya integrado en la parte superior), por lo cual no requiere de cables adicionales entre postes. Tambi\u00e9n incluye su propia bater\u00eda.<\/p>\n<div class=\"table-responsive\">\n<table class=\"table\">\n<tbody>\n<tr>\n<th scope=\"row\">Garant\u00eda:<\/th>\n<td>1 a\u00f1o<\/td>\n<\/tr>\n<tr>\n<th scope=\"row\">Tipo de uso:<\/th>\n<td>Exteriores\/Alumbrado P\u00fablico<\/td>\n<\/tr>\n<tr>\n<th scope=\"row\">Presentaci\u00f3n<\/th>\n<td>Caja x 1 unidad<\/td>\n<\/tr>\n<\/tbody>\n<\/table>\n<\/div>\n","protected":false},"featured_media":632,"comment_status":"open","ping_status":"closed","template":"","meta":{"_acf_changed":false,"CBBTypography":[],"_uag_custom_page_level_css":"","_swt_meta_header_display":false,"_swt_meta_footer_display":false,"_swt_meta_site_title_display":false,"_swt_meta_sticky_header":false,"_swt_meta_transparent_header":false},"product_brand":[],"product_cat":[27],"product_tag":[],"class_list":{"0":"post-639","1":"product","2":"type-product","3":"status-publish","4":"has-post-thumbnail","6":"product_cat-alumbrado-publico-led","8":"first","9":"instock","10":"shipping-taxable","11":"product-type-simple"},"acf":[],"uagb_featured_image_src":{"full":["https:\/\/bioenergyhk.com\/es\/wp-content\/uploads\/00.jpg",600,600,false],"thumbnail":["https:\/\/bioenergyhk.com\/es\/wp-content\/uploads\/00-150x150.jpg",150,150,true],"medium":["https:\/\/bioenergyhk.com\/es\/wp-content\/uploads\/00-300x300.jpg",300,300,true],"medium_large":["https:\/\/bioenergyhk.com\/es\/wp-content\/uploads\/00.jpg",600,600,false],"large":["https:\/\/bioenergyhk.com\/es\/wp-content\/uploads\/00.jpg",600,600,false],"1536x1536":["https:\/\/bioenergyhk.com\/es\/wp-content\/uploads\/00.jpg",600,600,false],"2048x2048":["https:\/\/bioenergyhk.com\/es\/wp-content\/uploads\/00.jpg",600,600,false],"gform-image-choice-sm":["https:\/\/bioenergyhk.com\/es\/wp-content\/uploads\/00.jpg",300,300,false],"gform-image-choice-md":["https:\/\/bioenergyhk.com\/es\/wp-content\/uploads\/00.jpg",400,400,false],"gform-image-choice-lg":["https:\/\/bioenergyhk.com\/es\/wp-content\/uploads\/00.jpg",600,600,false],"woocommerce_thumbnail":["https:\/\/bioenergyhk.com\/es\/wp-content\/uploads\/00-300x300.jpg",300,300,true],"woocommerce_single":["https:\/\/bioenergyhk.com\/es\/wp-content\/uploads\/00.jpg",600,600,false],"woocommerce_gallery_thumbnail":["https:\/\/bioenergyhk.com\/es\/wp-content\/uploads\/00-100x100.jpg",100,100,true]},"uagb_author_info":{"display_name":"jorgelmd","author_link":"https:\/\/bioenergyhk.com\/es\/author\/"},"uagb_comment_info":0,"uagb_excerpt":"Lampara LED 100W, Panel solar 2x150W, Bater\u00eda de 12V, Poste de 10m, \u00e1ngulo de apertura 120\u00b0, 10000 lm, CRI &gt;75, Temperatura de color 6000\u00b0K, Capacidad 2x150Ah. Este producto funciona con su propio panel solar (ya integrado en la parte superior), por lo cual no requiere de cables adicionales entre postes. Tambi\u00e9n incluye su propia bater\u00eda.&hellip;","_links":{"self":[{"href":"https:\/\/bioenergyhk.com\/es\/wp-json\/wp\/v2\/product\/639","targetHints":{"allow":["GET"]}}],"collection":[{"href":"https:\/\/bioenergyhk.com\/es\/wp-json\/wp\/v2\/product"}],"about":[{"href":"https:\/\/bioenergyhk.com\/es\/wp-json\/wp\/v2\/types\/product"}],"replies":[{"embeddable":true,"href":"https:\/\/bioenergyhk.com\/es\/wp-json\/wp\/v2\/comments?post=639"}],"wp:featuredmedia":[{"embeddable":true,"href":"https:\/\/bioenergyhk.com\/es\/wp-json\/wp\/v2\/media\/632"}],"wp:attachment":[{"href":"https:\/\/bioenergyhk.com\/es\/wp-json\/wp\/v2\/media?parent=639"}],"wp:term":[{"taxonomy":"product_brand","embeddable":true,"href":"https:\/\/bioenergyhk.com\/es\/wp-json\/wp\/v2\/product_brand?post=639"},{"taxonomy":"product_cat","embeddable":true,"href":"https:\/\/bioenergyhk.com\/es\/wp-json\/wp\/v2\/product_cat?post=639"},{"taxonomy":"product_tag","embeddable":true,"href":"https:\/\/bioenergyhk.com\/es\/wp-json\/wp\/v2\/product_tag?post=639"}],"curies":[{"name":"wp","href":"https:\/\/api.w.org\/{rel}","templated":true}]}}