{"id":627,"date":"2023-11-21T06:26:00","date_gmt":"2023-11-21T10:26:00","guid":{"rendered":"https:\/\/bioenergyhk.com\/es\/?post_type=product&#038;p=627"},"modified":"2023-11-21T06:26:00","modified_gmt":"2023-11-21T10:26:00","slug":"reflector-led-200w","status":"publish","type":"product","link":"https:\/\/bioenergyhk.com\/es\/p\/reflector-led-200w\/","title":{"rendered":"Reflector LED 200W"},"content":{"rendered":"<p>Potencia: 200W LED, 90V-305V AC, IP65, 22.000lm, factor de potencia 0.95, encendido inmediato, vida \u00fatil de 50.000 horas.<\/p>\n<div class=\"table-responsive\">\n<table class=\"table\">\n<tbody>\n<tr>\n<th scope=\"row\">Garant\u00eda:<\/th>\n<td>3 a\u00f1os<\/td>\n<\/tr>\n<tr>\n<th scope=\"row\">Tipo de uso:<\/th>\n<td>Exteriores<\/td>\n<\/tr>\n<tr>\n<th scope=\"row\">Presentaci\u00f3n<\/th>\n<td>Caja x 1 unidad<\/td>\n<\/tr>\n<\/tbody>\n<\/table>\n<\/div>\n","protected":false},"excerpt":{"rendered":"<p>Potencia: 200W LED, 90V-305V AC, IP65, 22.000lm, factor de potencia 0.95, encendido inmediato, vida \u00fatil de 50.000 horas.<\/p>\n<div class=\"table-responsive\">\n<table class=\"table\">\n<tbody>\n<tr>\n<th scope=\"row\">Garant\u00eda:<\/th>\n<td>3 a\u00f1os<\/td>\n<\/tr>\n<tr>\n<th scope=\"row\">Tipo de uso:<\/th>\n<td>Exteriores<\/td>\n<\/tr>\n<tr>\n<th scope=\"row\">Presentaci\u00f3n<\/th>\n<td>Caja x 1 unidad<\/td>\n<\/tr>\n<\/tbody>\n<\/table>\n<\/div>\n","protected":false},"featured_media":623,"comment_status":"open","ping_status":"closed","template":"","meta":{"_acf_changed":false,"CBBTypography":[],"_uag_custom_page_level_css":"","_swt_meta_header_display":false,"_swt_meta_footer_display":false,"_swt_meta_site_title_display":false,"_swt_meta_sticky_header":false,"_swt_meta_transparent_header":false},"product_brand":[],"product_cat":[26],"product_tag":[],"class_list":{"0":"post-627","1":"product","2":"type-product","3":"status-publish","4":"has-post-thumbnail","6":"product_cat-reflectores-led","8":"first","9":"instock","10":"shipping-taxable","11":"product-type-simple"},"acf":[],"uagb_featured_image_src":{"full":["https:\/\/bioenergyhk.com\/es\/wp-content\/uploads\/Reflector100W-00.jpg",500,500,false],"thumbnail":["https:\/\/bioenergyhk.com\/es\/wp-content\/uploads\/Reflector100W-00-150x150.jpg",150,150,true],"medium":["https:\/\/bioenergyhk.com\/es\/wp-content\/uploads\/Reflector100W-00-300x300.jpg",300,300,true],"medium_large":["https:\/\/bioenergyhk.com\/es\/wp-content\/uploads\/Reflector100W-00.jpg",500,500,false],"large":["https:\/\/bioenergyhk.com\/es\/wp-content\/uploads\/Reflector100W-00.jpg",500,500,false],"1536x1536":["https:\/\/bioenergyhk.com\/es\/wp-content\/uploads\/Reflector100W-00.jpg",500,500,false],"2048x2048":["https:\/\/bioenergyhk.com\/es\/wp-content\/uploads\/Reflector100W-00.jpg",500,500,false],"gform-image-choice-sm":["https:\/\/bioenergyhk.com\/es\/wp-content\/uploads\/Reflector100W-00.jpg",300,300,false],"gform-image-choice-md":["https:\/\/bioenergyhk.com\/es\/wp-content\/uploads\/Reflector100W-00.jpg",400,400,false],"gform-image-choice-lg":["https:\/\/bioenergyhk.com\/es\/wp-content\/uploads\/Reflector100W-00.jpg",500,500,false],"woocommerce_thumbnail":["https:\/\/bioenergyhk.com\/es\/wp-content\/uploads\/Reflector100W-00-300x300.jpg",300,300,true],"woocommerce_single":["https:\/\/bioenergyhk.com\/es\/wp-content\/uploads\/Reflector100W-00.jpg",500,500,false],"woocommerce_gallery_thumbnail":["https:\/\/bioenergyhk.com\/es\/wp-content\/uploads\/Reflector100W-00-100x100.jpg",100,100,true]},"uagb_author_info":{"display_name":"jorgelmd","author_link":"https:\/\/bioenergyhk.com\/es\/author\/"},"uagb_comment_info":0,"uagb_excerpt":"Potencia: 200W LED, 90V-305V AC, IP65, 22.000lm, factor de potencia 0.95, encendido inmediato, vida \u00fatil de 50.000 horas. Garant\u00eda: 3 a\u00f1os Tipo de uso: Exteriores Presentaci\u00f3n Caja x 1 unidad","_links":{"self":[{"href":"https:\/\/bioenergyhk.com\/es\/wp-json\/wp\/v2\/product\/627","targetHints":{"allow":["GET"]}}],"collection":[{"href":"https:\/\/bioenergyhk.com\/es\/wp-json\/wp\/v2\/product"}],"about":[{"href":"https:\/\/bioenergyhk.com\/es\/wp-json\/wp\/v2\/types\/product"}],"replies":[{"embeddable":true,"href":"https:\/\/bioenergyhk.com\/es\/wp-json\/wp\/v2\/comments?post=627"}],"wp:featuredmedia":[{"embeddable":true,"href":"https:\/\/bioenergyhk.com\/es\/wp-json\/wp\/v2\/media\/623"}],"wp:attachment":[{"href":"https:\/\/bioenergyhk.com\/es\/wp-json\/wp\/v2\/media?parent=627"}],"wp:term":[{"taxonomy":"product_brand","embeddable":true,"href":"https:\/\/bioenergyhk.com\/es\/wp-json\/wp\/v2\/product_brand?post=627"},{"taxonomy":"product_cat","embeddable":true,"href":"https:\/\/bioenergyhk.com\/es\/wp-json\/wp\/v2\/product_cat?post=627"},{"taxonomy":"product_tag","embeddable":true,"href":"https:\/\/bioenergyhk.com\/es\/wp-json\/wp\/v2\/product_tag?post=627"}],"curies":[{"name":"wp","href":"https:\/\/api.w.org\/{rel}","templated":true}]}}