{"id":611,"date":"2023-11-21T06:13:54","date_gmt":"2023-11-21T10:13:54","guid":{"rendered":"https:\/\/bioenergyhk.com\/es\/?post_type=product&#038;p=611"},"modified":"2023-11-21T06:13:54","modified_gmt":"2023-11-21T10:13:54","slug":"campana-led-150w","status":"publish","type":"product","link":"https:\/\/bioenergyhk.com\/es\/p\/campana-led-150w\/","title":{"rendered":"Campana LED 150W"},"content":{"rendered":"<p>Potencia: 150W LED, 90V-305V AC, IP65, 16.500lm, factor de potencia 0.95, encendido inmediato, vida \u00fatil de 50.000 horas.<\/p>\n<div class=\"table-responsive\">\n<table class=\"table\">\n<tbody>\n<tr>\n<th scope=\"row\">Garant\u00eda:<\/th>\n<td>3 a\u00f1os<\/td>\n<\/tr>\n<tr>\n<th scope=\"row\">Tipo de uso:<\/th>\n<td>Industrial<\/td>\n<\/tr>\n<tr>\n<th scope=\"row\">Presentaci\u00f3n<\/th>\n<td>Caja de 1 unidad<\/td>\n<\/tr>\n<\/tbody>\n<\/table>\n<\/div>\n","protected":false},"excerpt":{"rendered":"<p>Potencia: 150W LED, 90V-305V AC, IP65, 16.500lm, factor de potencia 0.95, encendido inmediato, vida \u00fatil de 50.000 horas.<\/p>\n<div class=\"table-responsive\">\n<table class=\"table\">\n<tbody>\n<tr>\n<th scope=\"row\">Garant\u00eda:<\/th>\n<td>3 a\u00f1os<\/td>\n<\/tr>\n<tr>\n<th scope=\"row\">Tipo de uso:<\/th>\n<td>Industrial<\/td>\n<\/tr>\n<tr>\n<th scope=\"row\">Presentaci\u00f3n<\/th>\n<td>Caja de 1 unidad<\/td>\n<\/tr>\n<\/tbody>\n<\/table>\n<\/div>\n","protected":false},"featured_media":606,"comment_status":"open","ping_status":"closed","template":"","meta":{"_acf_changed":false,"CBBTypography":[],"_uag_custom_page_level_css":"","_swt_meta_header_display":false,"_swt_meta_footer_display":false,"_swt_meta_site_title_display":false,"_swt_meta_sticky_header":false,"_swt_meta_transparent_header":false},"product_brand":[],"product_cat":[25],"product_tag":[],"class_list":{"0":"post-611","1":"product","2":"type-product","3":"status-publish","4":"has-post-thumbnail","6":"product_cat-campanas-led","8":"first","9":"instock","10":"shipping-taxable","11":"product-type-simple"},"acf":[],"uagb_featured_image_src":{"full":["https:\/\/bioenergyhk.com\/es\/wp-content\/uploads\/Campana100W-00.jpg",500,500,false],"thumbnail":["https:\/\/bioenergyhk.com\/es\/wp-content\/uploads\/Campana100W-00-150x150.jpg",150,150,true],"medium":["https:\/\/bioenergyhk.com\/es\/wp-content\/uploads\/Campana100W-00-300x300.jpg",300,300,true],"medium_large":["https:\/\/bioenergyhk.com\/es\/wp-content\/uploads\/Campana100W-00.jpg",500,500,false],"large":["https:\/\/bioenergyhk.com\/es\/wp-content\/uploads\/Campana100W-00.jpg",500,500,false],"1536x1536":["https:\/\/bioenergyhk.com\/es\/wp-content\/uploads\/Campana100W-00.jpg",500,500,false],"2048x2048":["https:\/\/bioenergyhk.com\/es\/wp-content\/uploads\/Campana100W-00.jpg",500,500,false],"gform-image-choice-sm":["https:\/\/bioenergyhk.com\/es\/wp-content\/uploads\/Campana100W-00.jpg",300,300,false],"gform-image-choice-md":["https:\/\/bioenergyhk.com\/es\/wp-content\/uploads\/Campana100W-00.jpg",400,400,false],"gform-image-choice-lg":["https:\/\/bioenergyhk.com\/es\/wp-content\/uploads\/Campana100W-00.jpg",500,500,false],"woocommerce_thumbnail":["https:\/\/bioenergyhk.com\/es\/wp-content\/uploads\/Campana100W-00-300x300.jpg",300,300,true],"woocommerce_single":["https:\/\/bioenergyhk.com\/es\/wp-content\/uploads\/Campana100W-00.jpg",500,500,false],"woocommerce_gallery_thumbnail":["https:\/\/bioenergyhk.com\/es\/wp-content\/uploads\/Campana100W-00-100x100.jpg",100,100,true]},"uagb_author_info":{"display_name":"jorgelmd","author_link":"https:\/\/bioenergyhk.com\/es\/author\/"},"uagb_comment_info":0,"uagb_excerpt":"Potencia: 150W LED, 90V-305V AC, IP65, 16.500lm, factor de potencia 0.95, encendido inmediato, vida \u00fatil de 50.000 horas. Garant\u00eda: 3 a\u00f1os Tipo de uso: Industrial Presentaci\u00f3n Caja de 1 unidad","_links":{"self":[{"href":"https:\/\/bioenergyhk.com\/es\/wp-json\/wp\/v2\/product\/611","targetHints":{"allow":["GET"]}}],"collection":[{"href":"https:\/\/bioenergyhk.com\/es\/wp-json\/wp\/v2\/product"}],"about":[{"href":"https:\/\/bioenergyhk.com\/es\/wp-json\/wp\/v2\/types\/product"}],"replies":[{"embeddable":true,"href":"https:\/\/bioenergyhk.com\/es\/wp-json\/wp\/v2\/comments?post=611"}],"wp:featuredmedia":[{"embeddable":true,"href":"https:\/\/bioenergyhk.com\/es\/wp-json\/wp\/v2\/media\/606"}],"wp:attachment":[{"href":"https:\/\/bioenergyhk.com\/es\/wp-json\/wp\/v2\/media?parent=611"}],"wp:term":[{"taxonomy":"product_brand","embeddable":true,"href":"https:\/\/bioenergyhk.com\/es\/wp-json\/wp\/v2\/product_brand?post=611"},{"taxonomy":"product_cat","embeddable":true,"href":"https:\/\/bioenergyhk.com\/es\/wp-json\/wp\/v2\/product_cat?post=611"},{"taxonomy":"product_tag","embeddable":true,"href":"https:\/\/bioenergyhk.com\/es\/wp-json\/wp\/v2\/product_tag?post=611"}],"curies":[{"name":"wp","href":"https:\/\/api.w.org\/{rel}","templated":true}]}}