{"id":507,"date":"2023-11-20T11:08:04","date_gmt":"2023-11-20T15:08:04","guid":{"rendered":"https:\/\/bioenergyhk.com\/es\/?post_type=product&#038;p=507"},"modified":"2023-11-20T14:37:48","modified_gmt":"2023-11-20T18:37:48","slug":"bulbo-led-8w","status":"publish","type":"product","link":"https:\/\/bioenergyhk.com\/es\/p\/bulbo-led-8w\/","title":{"rendered":"Bulbo LED 8W"},"content":{"rendered":"","protected":false},"excerpt":{"rendered":"<p>8W LED, 100-240V AC, conexi\u00f3n E27, no dimerizable, 806lm, 15.000 horas de vida \u00fatil, no contiene mercurio y es reciclable.<\/p>\n<table class=\"table\">\n<tbody>\n<tr>\n<th scope=\"row\">Garant\u00eda:<\/th>\n<td>1 a\u00f1o<\/td>\n<\/tr>\n<tr>\n<th scope=\"row\">Tipo de uso:<\/th>\n<td>Residencial<\/td>\n<\/tr>\n<tr>\n<th scope=\"row\">Presentaci\u00f3n:<\/th>\n<td>Caja de 50 unidades<\/td>\n<\/tr>\n<\/tbody>\n<\/table>\n","protected":false},"featured_media":509,"comment_status":"open","ping_status":"closed","template":"","meta":{"_acf_changed":false,"CBBTypography":[],"_uag_custom_page_level_css":"","_swt_meta_header_display":false,"_swt_meta_footer_display":false,"_swt_meta_site_title_display":false,"_swt_meta_sticky_header":false,"_swt_meta_transparent_header":false},"product_brand":[],"product_cat":[20],"product_tag":[],"class_list":{"0":"post-507","1":"product","2":"type-product","3":"status-publish","4":"has-post-thumbnail","6":"product_cat-bombillos-led","8":"first","9":"instock","10":"virtual","11":"product-type-simple"},"acf":[],"uagb_featured_image_src":{"full":["https:\/\/bioenergyhk.com\/es\/wp-content\/uploads\/Bulbo-1.jpg",500,500,false],"thumbnail":["https:\/\/bioenergyhk.com\/es\/wp-content\/uploads\/Bulbo-1-150x150.jpg",150,150,true],"medium":["https:\/\/bioenergyhk.com\/es\/wp-content\/uploads\/Bulbo-1-300x300.jpg",300,300,true],"medium_large":["https:\/\/bioenergyhk.com\/es\/wp-content\/uploads\/Bulbo-1.jpg",500,500,false],"large":["https:\/\/bioenergyhk.com\/es\/wp-content\/uploads\/Bulbo-1.jpg",500,500,false],"1536x1536":["https:\/\/bioenergyhk.com\/es\/wp-content\/uploads\/Bulbo-1.jpg",500,500,false],"2048x2048":["https:\/\/bioenergyhk.com\/es\/wp-content\/uploads\/Bulbo-1.jpg",500,500,false],"gform-image-choice-sm":["https:\/\/bioenergyhk.com\/es\/wp-content\/uploads\/Bulbo-1.jpg",300,300,false],"gform-image-choice-md":["https:\/\/bioenergyhk.com\/es\/wp-content\/uploads\/Bulbo-1.jpg",400,400,false],"gform-image-choice-lg":["https:\/\/bioenergyhk.com\/es\/wp-content\/uploads\/Bulbo-1.jpg",500,500,false],"woocommerce_thumbnail":["https:\/\/bioenergyhk.com\/es\/wp-content\/uploads\/Bulbo-1-300x300.jpg",300,300,true],"woocommerce_single":["https:\/\/bioenergyhk.com\/es\/wp-content\/uploads\/Bulbo-1.jpg",500,500,false],"woocommerce_gallery_thumbnail":["https:\/\/bioenergyhk.com\/es\/wp-content\/uploads\/Bulbo-1-100x100.jpg",100,100,true]},"uagb_author_info":{"display_name":"jorgelmd","author_link":"https:\/\/bioenergyhk.com\/es\/author\/"},"uagb_comment_info":0,"uagb_excerpt":"8W LED, 100-240V AC, conexi\u00f3n E27, no dimerizable, 806lm, 15.000 horas de vida \u00fatil, no contiene mercurio y es reciclable. Garant\u00eda: 1 a\u00f1o Tipo de uso: Residencial Presentaci\u00f3n: Caja de 50 unidades","_links":{"self":[{"href":"https:\/\/bioenergyhk.com\/es\/wp-json\/wp\/v2\/product\/507","targetHints":{"allow":["GET"]}}],"collection":[{"href":"https:\/\/bioenergyhk.com\/es\/wp-json\/wp\/v2\/product"}],"about":[{"href":"https:\/\/bioenergyhk.com\/es\/wp-json\/wp\/v2\/types\/product"}],"replies":[{"embeddable":true,"href":"https:\/\/bioenergyhk.com\/es\/wp-json\/wp\/v2\/comments?post=507"}],"wp:featuredmedia":[{"embeddable":true,"href":"https:\/\/bioenergyhk.com\/es\/wp-json\/wp\/v2\/media\/509"}],"wp:attachment":[{"href":"https:\/\/bioenergyhk.com\/es\/wp-json\/wp\/v2\/media?parent=507"}],"wp:term":[{"taxonomy":"product_brand","embeddable":true,"href":"https:\/\/bioenergyhk.com\/es\/wp-json\/wp\/v2\/product_brand?post=507"},{"taxonomy":"product_cat","embeddable":true,"href":"https:\/\/bioenergyhk.com\/es\/wp-json\/wp\/v2\/product_cat?post=507"},{"taxonomy":"product_tag","embeddable":true,"href":"https:\/\/bioenergyhk.com\/es\/wp-json\/wp\/v2\/product_tag?post=507"}],"curies":[{"name":"wp","href":"https:\/\/api.w.org\/{rel}","templated":true}]}}